{"id":17353,"date":"2024-12-07T09:36:56","date_gmt":"2024-12-07T09:36:56","guid":{"rendered":"https:\/\/atabeyteknikyapi.com\/?page_id=17353"},"modified":"2024-12-12T13:49:57","modified_gmt":"2024-12-12T13:49:57","slug":"projeler-konya-fuar-alani","status":"publish","type":"page","link":"https:\/\/atabeyteknikyapi.com\/en\/projeler-konya-fuar-alani\/","title":{"rendered":"KONYA FAIRGROUNDS"},"content":{"rendered":"<div data-elementor-type=\"wp-page\" data-elementor-id=\"17353\" class=\"elementor elementor-17353\">\n\t\t\t\t        <section class=\"elementor-section elementor-top-section elementor-element elementor-element-5014d83 elementor-section-stretched elementor-section-boxed elementor-section-height-default elementor-section-height-default pxl-row-scroll-none pxl-zoom-point-false pxl-section-overflow-visible pxl-section-fix-none pxl-bg-color-none pxl-section-overlay-none\" data-id=\"5014d83\" data-element_type=\"section\" data-settings=\"{&quot;stretch_section&quot;:&quot;section-stretched&quot;}\">\n\n                \n                <div class=\"elementor-container elementor-column-gap-extended\">\n                <div class=\"elementor-column elementor-col-100 elementor-top-column elementor-element elementor-element-bdea87d pxl-column-none pxl-column-overflow-hidden-no\" data-id=\"bdea87d\" data-element_type=\"column\">\r\n        <div class=\"elementor-widget-wrap elementor-element-populated\">\r\n                     \r\n        \t\t<div class=\"elementor-element elementor-element-6be0af0 elementor-widget elementor-widget-pxl_heading\" data-id=\"6be0af0\" data-element_type=\"widget\" data-widget_type=\"pxl_heading.default\">\n\t\t\t\t<div class=\"elementor-widget-container\">\n\t\t\t\t\t\n<div id=\"pxl-pxl_heading-6be0af0-5178\" class=\"pxl-heading px-sub-title-default-style\">\n\t<div class=\"pxl-heading--inner\">\n\t\t\t\t\t<div class=\"pxl-item--subtitle px-sub-title-default\" data-wow-delay=\"ms\">\n\t\t\t\t<span class=\"pxl-item--subtext\">\n\t\t\t\t\t\t\t\t\t\tATABEY TEKN\u0130K YAPI\t\t\t\t<\/span>\n\t\t\t<\/div>\n\t\t\n\t\t\t<h3 class=\"pxl-item--title style-default highlight-default\" data-wow-delay=\"ms\">\n\t\t\t\t\t\t\tKONYA FAIRGROUNDS\t\n\t\t\t\t\n\t\t<\/h3>\n\t<\/div>\n<\/div> \t\t\t\t<\/div>\n\t\t\t\t<\/div>\n\t\t            <\/div>\r\n        <\/div>\r\n        \t\t\t<\/div>\n\t\t<\/section>\n\t\t        <section class=\"elementor-section elementor-top-section elementor-element elementor-element-a3139c0 elementor-section-stretched elementor-section-boxed elementor-section-height-default elementor-section-height-default pxl-row-scroll-none pxl-zoom-point-false pxl-section-overflow-visible pxl-section-fix-none pxl-bg-color-none pxl-section-overlay-none\" data-id=\"a3139c0\" data-element_type=\"section\" data-settings=\"{&quot;stretch_section&quot;:&quot;section-stretched&quot;}\">\n\n                \n                <div class=\"elementor-container elementor-column-gap-extended\">\n                <div class=\"elementor-column elementor-col-25 elementor-top-column elementor-element elementor-element-c7e5f15 pxl-column-none pxl-column-overflow-hidden-no\" data-id=\"c7e5f15\" data-element_type=\"column\">\r\n        <div class=\"elementor-widget-wrap elementor-element-populated\">\r\n                     \r\n        \t\t<div class=\"elementor-element elementor-element-b9921fb elementor-widget-divider--view-line elementor-widget elementor-widget-divider\" data-id=\"b9921fb\" data-element_type=\"widget\" data-widget_type=\"divider.default\">\n\t\t\t\t<div class=\"elementor-widget-container\">\n\t\t\t\t\t\t\t<div class=\"elementor-divider\">\n\t\t\t<span class=\"elementor-divider-separator\">\n\t\t\t\t\t\t<\/span>\n\t\t<\/div>\n\t\t\t\t\t\t<\/div>\n\t\t\t\t<\/div>\n\t\t\t\t<div class=\"elementor-element elementor-element-9d0bb1c elementor-widget elementor-widget-pxl_text_editor\" data-id=\"9d0bb1c\" data-element_type=\"widget\" data-widget_type=\"pxl_text_editor.default\">\n\t\t\t\t<div class=\"elementor-widget-container\">\n\t\t\t\t\t<div class=\"pxl-text-editor\">\n\t<div class=\"pxl-item--inner\" data-wow-delay=\"ms\">\n\t\t<p>Costumer<\/p>\t\t\n\t<\/div>\n<\/div>\t\t\t\t<\/div>\n\t\t\t\t<\/div>\n\t\t\t\t<div class=\"elementor-element elementor-element-8bcd6f5 elementor-widget elementor-widget-pxl_heading\" data-id=\"8bcd6f5\" data-element_type=\"widget\" data-widget_type=\"pxl_heading.default\">\n\t\t\t\t<div class=\"elementor-widget-container\">\n\t\t\t\t\t\n<div id=\"pxl-pxl_heading-8bcd6f5-1904\" class=\"pxl-heading px-sub-title-default-style\">\n\t<div class=\"pxl-heading--inner\">\n\t\t\n\t\t\t<h3 class=\"pxl-item--title style-default highlight-default\" data-wow-delay=\"ms\">\n\t\t\t\t\t\t\tT\u00fcyap\t\n\t\t\t\t\n\t\t<\/h3>\n\t<\/div>\n<\/div> \t\t\t\t<\/div>\n\t\t\t\t<\/div>\n\t\t            <\/div>\r\n        <\/div>\r\n                <div class=\"elementor-column elementor-col-25 elementor-top-column elementor-element elementor-element-8b237d3 pxl-column-none pxl-column-overflow-hidden-no\" data-id=\"8b237d3\" data-element_type=\"column\">\r\n        <div class=\"elementor-widget-wrap elementor-element-populated\">\r\n                     \r\n        \t\t<div class=\"elementor-element elementor-element-0ae64a1 elementor-widget-divider--view-line elementor-widget elementor-widget-divider\" data-id=\"0ae64a1\" data-element_type=\"widget\" data-widget_type=\"divider.default\">\n\t\t\t\t<div class=\"elementor-widget-container\">\n\t\t\t\t\t\t\t<div class=\"elementor-divider\">\n\t\t\t<span class=\"elementor-divider-separator\">\n\t\t\t\t\t\t<\/span>\n\t\t<\/div>\n\t\t\t\t\t\t<\/div>\n\t\t\t\t<\/div>\n\t\t\t\t<div class=\"elementor-element elementor-element-5f023db elementor-widget elementor-widget-pxl_text_editor\" data-id=\"5f023db\" data-element_type=\"widget\" data-widget_type=\"pxl_text_editor.default\">\n\t\t\t\t<div class=\"elementor-widget-container\">\n\t\t\t\t\t<div class=\"pxl-text-editor\">\n\t<div class=\"pxl-item--inner\" data-wow-delay=\"ms\">\n\t\t<p>Area<\/p>\t\t\n\t<\/div>\n<\/div>\t\t\t\t<\/div>\n\t\t\t\t<\/div>\n\t\t\t\t<div class=\"elementor-element elementor-element-8d775bb elementor-widget elementor-widget-pxl_heading\" data-id=\"8d775bb\" data-element_type=\"widget\" data-widget_type=\"pxl_heading.default\">\n\t\t\t\t<div class=\"elementor-widget-container\">\n\t\t\t\t\t\n<div id=\"pxl-pxl_heading-8d775bb-6882\" class=\"pxl-heading px-sub-title-default-style\">\n\t<div class=\"pxl-heading--inner\">\n\t\t\n\t\t\t<h3 class=\"pxl-item--title style-default highlight-default\" data-wow-delay=\"ms\">\n\t\t\t\t\t\t\tKaratay\t\n\t\t\t\t\n\t\t<\/h3>\n\t<\/div>\n<\/div> \t\t\t\t<\/div>\n\t\t\t\t<\/div>\n\t\t            <\/div>\r\n        <\/div>\r\n                <div class=\"elementor-column elementor-col-25 elementor-top-column elementor-element elementor-element-0a062db pxl-column-none pxl-column-overflow-hidden-no\" data-id=\"0a062db\" data-element_type=\"column\">\r\n        <div class=\"elementor-widget-wrap elementor-element-populated\">\r\n                     \r\n        \t\t<div class=\"elementor-element elementor-element-d6907aa elementor-widget-divider--view-line elementor-widget elementor-widget-divider\" data-id=\"d6907aa\" data-element_type=\"widget\" data-widget_type=\"divider.default\">\n\t\t\t\t<div class=\"elementor-widget-container\">\n\t\t\t\t\t\t\t<div class=\"elementor-divider\">\n\t\t\t<span class=\"elementor-divider-separator\">\n\t\t\t\t\t\t<\/span>\n\t\t<\/div>\n\t\t\t\t\t\t<\/div>\n\t\t\t\t<\/div>\n\t\t\t\t<div class=\"elementor-element elementor-element-ad2cc0e elementor-widget elementor-widget-pxl_text_editor\" data-id=\"ad2cc0e\" data-element_type=\"widget\" data-widget_type=\"pxl_text_editor.default\">\n\t\t\t\t<div class=\"elementor-widget-container\">\n\t\t\t\t\t<div class=\"pxl-text-editor\">\n\t<div class=\"pxl-item--inner\" data-wow-delay=\"ms\">\n\t\t<p>City<\/p>\t\t\n\t<\/div>\n<\/div>\t\t\t\t<\/div>\n\t\t\t\t<\/div>\n\t\t\t\t<div class=\"elementor-element elementor-element-53dcc45 elementor-widget elementor-widget-pxl_heading\" data-id=\"53dcc45\" data-element_type=\"widget\" data-widget_type=\"pxl_heading.default\">\n\t\t\t\t<div class=\"elementor-widget-container\">\n\t\t\t\t\t\n<div id=\"pxl-pxl_heading-53dcc45-4910\" class=\"pxl-heading px-sub-title-default-style\">\n\t<div class=\"pxl-heading--inner\">\n\t\t\n\t\t\t<h3 class=\"pxl-item--title style-default highlight-default\" data-wow-delay=\"ms\">\n\t\t\t\t\t\t\tKonya\t\n\t\t\t\t\n\t\t<\/h3>\n\t<\/div>\n<\/div> \t\t\t\t<\/div>\n\t\t\t\t<\/div>\n\t\t            <\/div>\r\n        <\/div>\r\n                <div class=\"elementor-column elementor-col-25 elementor-top-column elementor-element elementor-element-8e7daee pxl-column-none pxl-column-overflow-hidden-no\" data-id=\"8e7daee\" data-element_type=\"column\">\r\n        <div class=\"elementor-widget-wrap elementor-element-populated\">\r\n                     \r\n        \t\t<div class=\"elementor-element elementor-element-2792f7f elementor-widget-divider--view-line elementor-widget elementor-widget-divider\" data-id=\"2792f7f\" data-element_type=\"widget\" data-widget_type=\"divider.default\">\n\t\t\t\t<div class=\"elementor-widget-container\">\n\t\t\t\t\t\t\t<div class=\"elementor-divider\">\n\t\t\t<span class=\"elementor-divider-separator\">\n\t\t\t\t\t\t<\/span>\n\t\t<\/div>\n\t\t\t\t\t\t<\/div>\n\t\t\t\t<\/div>\n\t\t\t\t<div class=\"elementor-element elementor-element-04840f5 elementor-widget elementor-widget-pxl_text_editor\" data-id=\"04840f5\" data-element_type=\"widget\" data-widget_type=\"pxl_text_editor.default\">\n\t\t\t\t<div class=\"elementor-widget-container\">\n\t\t\t\t\t<div class=\"pxl-text-editor\">\n\t<div class=\"pxl-item--inner\" data-wow-delay=\"ms\">\n\t\t<p>Situation<\/p>\t\t\n\t<\/div>\n<\/div>\t\t\t\t<\/div>\n\t\t\t\t<\/div>\n\t\t\t\t<div class=\"elementor-element elementor-element-5bf310f elementor-widget elementor-widget-pxl_heading\" data-id=\"5bf310f\" data-element_type=\"widget\" data-widget_type=\"pxl_heading.default\">\n\t\t\t\t<div class=\"elementor-widget-container\">\n\t\t\t\t\t\n<div id=\"pxl-pxl_heading-5bf310f-4503\" class=\"pxl-heading px-sub-title-default-style\">\n\t<div class=\"pxl-heading--inner\">\n\t\t\n\t\t\t<h3 class=\"pxl-item--title style-default highlight-default\" data-wow-delay=\"ms\">\n\t\t\t\t\t\t\tCompleted\t\n\t\t\t\t\n\t\t<\/h3>\n\t<\/div>\n<\/div> \t\t\t\t<\/div>\n\t\t\t\t<\/div>\n\t\t            <\/div>\r\n        <\/div>\r\n        \t\t\t<\/div>\n\t\t<\/section>\n\t\t        <section class=\"elementor-section elementor-top-section elementor-element elementor-element-1b1006d elementor-section-stretched elementor-section-boxed elementor-section-height-default elementor-section-height-default pxl-row-scroll-none pxl-zoom-point-false pxl-section-overflow-visible pxl-section-fix-none pxl-bg-color-none pxl-section-overlay-none\" data-id=\"1b1006d\" data-element_type=\"section\" data-settings=\"{&quot;stretch_section&quot;:&quot;section-stretched&quot;}\">\n\n                \n                <div class=\"elementor-container elementor-column-gap-extended\">\n                <div class=\"elementor-column elementor-col-100 elementor-top-column elementor-element elementor-element-7ec1849 pxl-column-none pxl-column-overflow-hidden-no\" data-id=\"7ec1849\" data-element_type=\"column\">\r\n        <div class=\"elementor-widget-wrap elementor-element-populated\">\r\n                     \r\n        \t\t<div class=\"elementor-element elementor-element-dededb7 elementor-widget elementor-widget-pxl_image_carousel\" data-id=\"dededb7\" data-element_type=\"widget\" data-widget_type=\"pxl_image_carousel.default\">\n\t\t\t\t<div class=\"elementor-widget-container\">\n\t\t\t\t\t    <div id=\"pxl-gallery-69d86ad6e4f53\" class=\"pxl-swiper-slider pxl-image-carousel pxl-image-carousel1 default\" >\n        <div class=\"pxl-carousel-inner\">\n\n            <div class=\"pxl-swiper-container\" dir=\"ltr\" data-settings=\"{&quot;slide_direction&quot;:&quot;horizontal&quot;,&quot;slide_percolumn&quot;:1,&quot;slide_mode&quot;:&quot;slide&quot;,&quot;slides_to_show&quot;:1,&quot;slides_to_show_xxl&quot;:1,&quot;slides_to_show_lg&quot;:1,&quot;slides_to_show_md&quot;:1,&quot;slides_to_show_sm&quot;:1,&quot;slides_to_show_xs&quot;:1,&quot;slides_to_scroll&quot;:1,&quot;arrow&quot;:false,&quot;pagination&quot;:true,&quot;pagination_type&quot;:&quot;bullets&quot;,&quot;autoplay&quot;:true,&quot;pause_on_hover&quot;:false,&quot;pause_on_interaction&quot;:true,&quot;delay&quot;:1000,&quot;loop&quot;:true,&quot;speed&quot;:500}\">\n                <div class=\"pxl-swiper-wrapper\">\n                                            <div class=\"pxl-swiper-slide\">\n                            <div class=\"pxl-item--inner\" data-wow-delay=\"ms\">\n                                                                                                            <div class=\"pxl-item--image\">\n                                            <img fetchpriority=\"high\" decoding=\"async\" width=\"1170\" height=\"485\" src=\"https:\/\/atabeyteknikyapi.com\/wp-content\/uploads\/2023\/12\/konya-fuar-alani.png\" class=\"no-lazyload attachment-full\" alt=\"\" \/>                                                                                    <\/div>\n                                                                                                            \n                                                            <\/div>\n                        <\/div>\n                                            <div class=\"pxl-swiper-slide\">\n                            <div class=\"pxl-item--inner\" data-wow-delay=\"ms\">\n                                                                                                            <div class=\"pxl-item--image\">\n                                            <img decoding=\"async\" width=\"1170\" height=\"485\" src=\"https:\/\/atabeyteknikyapi.com\/wp-content\/uploads\/2023\/12\/konya-fuar-alani2.png\" class=\"no-lazyload attachment-full\" alt=\"\" \/>                                                                                    <\/div>\n                                                                                                            \n                                                            <\/div>\n                        <\/div>\n                                            <div class=\"pxl-swiper-slide\">\n                            <div class=\"pxl-item--inner\" data-wow-delay=\"ms\">\n                                                                                                            <div class=\"pxl-item--image\">\n                                            <img decoding=\"async\" width=\"1170\" height=\"485\" src=\"https:\/\/atabeyteknikyapi.com\/wp-content\/uploads\/2023\/12\/konya-fuar-alani3.png\" class=\"no-lazyload attachment-full\" alt=\"\" \/>                                                                                    <\/div>\n                                                                                                            \n                                                            <\/div>\n                        <\/div>\n                                            <div class=\"pxl-swiper-slide\">\n                            <div class=\"pxl-item--inner\" data-wow-delay=\"ms\">\n                                                                                                            <div class=\"pxl-item--image\">\n                                            <img loading=\"lazy\" decoding=\"async\" width=\"1170\" height=\"485\" src=\"https:\/\/atabeyteknikyapi.com\/wp-content\/uploads\/2023\/12\/konya-fuar-alani4.png\" class=\"no-lazyload attachment-full\" alt=\"\" \/>                                                                                    <\/div>\n                                                                                                            \n                                                            <\/div>\n                        <\/div>\n                                            <div class=\"pxl-swiper-slide\">\n                            <div class=\"pxl-item--inner\" data-wow-delay=\"ms\">\n                                                                                                            <div class=\"pxl-item--image\">\n                                            <img loading=\"lazy\" decoding=\"async\" width=\"1170\" height=\"485\" src=\"https:\/\/atabeyteknikyapi.com\/wp-content\/uploads\/2023\/12\/konya-fuar-alani5.png\" class=\"no-lazyload attachment-full\" alt=\"\" \/>                                                                                    <\/div>\n                                                                                                            \n                                                            <\/div>\n                        <\/div>\n                                    <\/div>\n            <\/div>\n\n        <\/div>\n                    <div class=\"pxl-swiper-bottom pxl-flex-middle\">\n                                    <div class=\"pxl-swiper-dots style-1\"><\/div>\n                                            <\/div>\n                \n    <\/div>\n\t\t\t\t<\/div>\n\t\t\t\t<\/div>\n\t\t\t\t<div class=\"elementor-element elementor-element-3ca6f93 elementor-widget elementor-widget-pxl_heading\" data-id=\"3ca6f93\" data-element_type=\"widget\" data-widget_type=\"pxl_heading.default\">\n\t\t\t\t<div class=\"elementor-widget-container\">\n\t\t\t\t\t\n<div id=\"pxl-pxl_heading-3ca6f93-2318\" class=\"pxl-heading px-sub-title-default-style\">\n\t<div class=\"pxl-heading--inner\">\n\t\t\n\t\t\t<h3 class=\"pxl-item--title style-default highlight-default\" data-wow-delay=\"ms\">\n\t\t\t\t\t\t\tAbout the Project\t\n\t\t\t\t\n\t\t<\/h3>\n\t<\/div>\n<\/div> \t\t\t\t<\/div>\n\t\t\t\t<\/div>\n\t\t\t\t<div class=\"elementor-element elementor-element-d78a8e6 elementor-widget elementor-widget-pxl_text_editor\" data-id=\"d78a8e6\" data-element_type=\"widget\" data-widget_type=\"pxl_text_editor.default\">\n\t\t\t\t<div class=\"elementor-widget-container\">\n\t\t\t\t\t<div class=\"pxl-text-editor\">\n\t<div class=\"pxl-item--inner\" data-wow-delay=\"ms\">\n\t\t<p class=\"translation-block\">As Atabey Teknik Yap\u0131, we are proud to have been part of the construction of <strong> Konya Fairgrounds <strong>, one of our prestigious projects. In this project, we achieved great success by combining modern engineering techniques and innovative solutions.<\/p>\t\t\n\t<\/div>\n<\/div>\t\t\t\t<\/div>\n\t\t\t\t<\/div>\n\t\t        <section class=\"elementor-section elementor-inner-section elementor-element elementor-element-a020849 elementor-section-boxed elementor-section-height-default elementor-section-height-default pxl-row-scroll-none pxl-zoom-point-false pxl-section-overflow-visible pxl-section-fix-none pxl-bg-color-none pxl-section-overlay-none\" data-id=\"a020849\" data-element_type=\"section\">\n\n                \n                <div class=\"elementor-container elementor-column-gap-no\">\n                <div class=\"elementor-column elementor-col-50 elementor-inner-column elementor-element elementor-element-1b4d7ad pxl-column-none pxl-column-overflow-hidden-no\" data-id=\"1b4d7ad\" data-element_type=\"column\">\r\n        <div class=\"elementor-widget-wrap elementor-element-populated\">\r\n                     \r\n        \t\t<div class=\"elementor-element elementor-element-cc9bbee elementor-widget elementor-widget-pxl_heading\" data-id=\"cc9bbee\" data-element_type=\"widget\" data-widget_type=\"pxl_heading.default\">\n\t\t\t\t<div class=\"elementor-widget-container\">\n\t\t\t\t\t\n<div id=\"pxl-pxl_heading-cc9bbee-5171\" class=\"pxl-heading px-sub-title-default-style\">\n\t<div class=\"pxl-heading--inner\">\n\t\t\n\t\t\t<h3 class=\"pxl-item--title style-default highlight-default\" data-wow-delay=\"ms\">\n\t\t\t\t\t\t\tProject Details:<br> <br> \t\n\t\t\t\t\n\t\t<\/h3>\n\t<\/div>\n<\/div> \t\t\t\t<\/div>\n\t\t\t\t<\/div>\n\t\t\t\t<div class=\"elementor-element elementor-element-60faf56 elementor-widget elementor-widget-pxl_list\" data-id=\"60faf56\" data-element_type=\"widget\" data-widget_type=\"pxl_list.default\">\n\t\t\t\t<div class=\"elementor-widget-container\">\n\t\t\t\t\t    <div class=\"pxl-list pxl-list1  style-2\" data-wow-delay=\"ms\">\r\n                    <div class=\"pxl--item\">\r\n                                    <div class=\"pxl-item--icon\">\r\n                        <i aria-hidden=\"true\" class=\"fas fa-check-circle\"><\/i>                    <\/div>\r\n                                                    <div class=\"pxl-item-content\">\r\n                        <label class=\"pxl-empty\">1500 Tons of Steel Manufacturing and Assembly:<\/label>\r\n                        <br>Fuar alan\u0131n\u0131n dayan\u0131kl\u0131l\u0131\u011f\u0131n\u0131 ve esteti\u011fini art\u0131rmak i\u00e7in \u00e7elik yap\u0131 elemanlar\u0131n\u0131n \u00fcretimi ve montaj\u0131n\u0131 titizlikle ger\u00e7ekle\u015ftirdik.\n                    <\/div>\r\n                            <\/div>\r\n                    <div class=\"pxl--item\">\r\n                                    <div class=\"pxl-item--icon\">\r\n                        <i aria-hidden=\"true\" class=\"fas fa-check-circle\"><\/i>                    <\/div>\r\n                                                    <div class=\"pxl-item-content\">\r\n                        <label class=\"pxl-empty\">90,000 m\u00b2 Roof Cladding:<\/label>\r\n                        <br>Roof cladding operations were completed to high standards, ensuring maximum insulation and durability over a large area.                    <\/div>\r\n                            <\/div>\r\n                    <div class=\"pxl--item\">\r\n                                    <div class=\"pxl-item--icon\">\r\n                        <i aria-hidden=\"true\" class=\"fas fa-check-circle\"><\/i>                    <\/div>\r\n                                                    <div class=\"pxl-item-content\">\r\n                        <label class=\"pxl-empty\">32,000 m\u00b2 Facade Cladding:<\/label>\r\n                        <br>With a facade design that combines aesthetics and functionality, we ensured that the fairgrounds achieved a modern appearance.                    <\/div>\r\n                            <\/div>\r\n            <\/div>\r\n\t\t\t\t<\/div>\n\t\t\t\t<\/div>\n\t\t            <\/div>\r\n        <\/div>\r\n                <div class=\"elementor-column elementor-col-50 elementor-inner-column elementor-element elementor-element-e4021cc pxl-column-none pxl-column-overflow-hidden-no\" data-id=\"e4021cc\" data-element_type=\"column\">\r\n        <div class=\"elementor-widget-wrap elementor-element-populated\">\r\n                     \r\n        \t\t<div class=\"elementor-element elementor-element-079258a elementor-widget elementor-widget-pxl_video_player\" data-id=\"079258a\" data-element_type=\"widget\" data-widget_type=\"pxl_video_player.default\">\n\t\t\t\t<div class=\"elementor-widget-container\">\n\t\t\t\t\t<div class=\"pxl-video-player pxl-video-player1 pxl-video-style1 box-normal\" data-wow-delay=\"ms\">\r\n    <div class=\"pxl-video--inner\">\r\n                    <div class=\"pxl-video--holder\">\r\n                                    <div class=\"pxl-video--imagebg\">\r\n                        <div class=\"bg-image\" data-parallax='{\"y\":-60}' style=\"background-image: url(https:\/\/atabeyteknikyapi.com\/wp-content\/uploads\/2023\/12\/pro-single4.webp);\"><\/div>\r\n                    <\/div>\r\n                            <\/div>\r\n                            <div class=\"btn-video-wrap p-center\">\r\n                <a class=\"pxl-btn-video pxl-action-popup style1\" href=\"https:\/\/youtu.be\/4BzjUq921Y4\">\r\n                                            <i class=\"caseicon-play1\"><\/i>\r\n                                    <\/a>\r\n            <\/div>\r\n            <\/div>\r\n<\/div>\t\t\t\t<\/div>\n\t\t\t\t<\/div>\n\t\t            <\/div>\r\n        <\/div>\r\n        \t\t\t<\/div>\n\t\t<\/section>\n\t\t\t\t<div class=\"elementor-element elementor-element-4508254 elementor-widget elementor-widget-pxl_text_editor\" data-id=\"4508254\" data-element_type=\"widget\" data-widget_type=\"pxl_text_editor.default\">\n\t\t\t\t<div class=\"elementor-widget-container\">\n\t\t\t\t\t<div class=\"pxl-text-editor\">\n\t<div class=\"pxl-item--inner\" data-wow-delay=\"ms\">\n\t\t<div class=\"flex max-w-full flex-col flex-grow\"><div class=\"min-h-8 text-message flex w-full flex-col items-end gap-2 whitespace-normal break-words text-start [.text-message+&amp;]:mt-5\" dir=\"auto\" data-message-author-role=\"assistant\" data-message-id=\"2273c8e3-7e86-46dc-a45c-3d8df2bf55dd\" data-message-model-slug=\"gpt-4o\"><div class=\"flex w-full flex-col gap-1 empty:hidden first:pt-[3px]\"><div class=\"markdown prose w-full break-words dark:prose-invert dark\"><p>This project is not only a reflection of our technical capacity but also of our determination in delivering high-quality work on time. Konya Fairgrounds, while contributing to the economic and commercial life of the region, has once again proven Atabey Teknik Yap\u0131\u2019s strength and expertise in the industry.<\/p><\/div><\/div><\/div><\/div>\t\t\n\t<\/div>\n<\/div>\t\t\t\t<\/div>\n\t\t\t\t<\/div>\n\t\t            <\/div>\r\n        <\/div>\r\n        \t\t\t<\/div>\n\t\t<\/section>\n\t\t\t\t<\/div>","protected":false},"excerpt":{"rendered":"<p>ATABEY TEKN\u0130K YAPI KONYA FUAR ALANI M\u00fc\u015fteri T\u00fcyap B\u00f6lge Karatay \u015eehir Konya Durum Tamamland\u0131 Proje Hakk\u0131nda Atabey Teknik Yap\u0131 olarak, prestijli projelerimizden biri olan Konya Fuar Alan\u0131\u2019n\u0131n yap\u0131m\u0131nda gururla yer ald\u0131k. Bu projede, modern m\u00fchendislik tekniklerini ve yenilik\u00e7i \u00e7\u00f6z\u00fcmleri bir araya getirerek b\u00fcy\u00fck bir ba\u015far\u0131ya imza att\u0131k. Proje Detaylar\u0131: 1500 Ton \u00c7elik \u0130malat ve Montaj: [&hellip;]<\/p>","protected":false},"author":1,"featured_media":0,"parent":0,"menu_order":0,"comment_status":"closed","ping_status":"closed","template":"","meta":{"footnotes":""},"class_list":["post-17353","page","type-page","status-publish","hentry"],"_links":{"self":[{"href":"https:\/\/atabeyteknikyapi.com\/en\/wp-json\/wp\/v2\/pages\/17353","targetHints":{"allow":["GET"]}}],"collection":[{"href":"https:\/\/atabeyteknikyapi.com\/en\/wp-json\/wp\/v2\/pages"}],"about":[{"href":"https:\/\/atabeyteknikyapi.com\/en\/wp-json\/wp\/v2\/types\/page"}],"author":[{"embeddable":true,"href":"https:\/\/atabeyteknikyapi.com\/en\/wp-json\/wp\/v2\/users\/1"}],"replies":[{"embeddable":true,"href":"https:\/\/atabeyteknikyapi.com\/en\/wp-json\/wp\/v2\/comments?post=17353"}],"version-history":[{"count":0,"href":"https:\/\/atabeyteknikyapi.com\/en\/wp-json\/wp\/v2\/pages\/17353\/revisions"}],"wp:attachment":[{"href":"https:\/\/atabeyteknikyapi.com\/en\/wp-json\/wp\/v2\/media?parent=17353"}],"curies":[{"name":"wp","href":"https:\/\/api.w.org\/{rel}","templated":true}]}}