{"id":17456,"date":"2024-12-07T12:56:04","date_gmt":"2024-12-07T12:56:04","guid":{"rendered":"https:\/\/atabeyteknikyapi.com\/?page_id=17456"},"modified":"2024-12-07T13:23:33","modified_gmt":"2024-12-07T13:23:33","slug":"ekoteks-tekstil-fabrika","status":"publish","type":"page","link":"https:\/\/atabeyteknikyapi.com\/en\/ekoteks-tekstil-fabrika\/","title":{"rendered":"EKOTEKS TEKST\u0130L FABR\u0130KA"},"content":{"rendered":"<div data-elementor-type=\"wp-page\" data-elementor-id=\"17456\" class=\"elementor elementor-17456\">\n\t\t\t\t        <section class=\"elementor-section elementor-top-section elementor-element elementor-element-ff648d7 elementor-section-stretched elementor-section-boxed elementor-section-height-default elementor-section-height-default pxl-row-scroll-none pxl-zoom-point-false pxl-section-overflow-visible pxl-section-fix-none pxl-bg-color-none pxl-section-overlay-none\" data-id=\"ff648d7\" data-element_type=\"section\" data-settings=\"{&quot;stretch_section&quot;:&quot;section-stretched&quot;}\">\n\n                \n                <div class=\"elementor-container elementor-column-gap-extended\">\n                <div class=\"elementor-column elementor-col-100 elementor-top-column elementor-element elementor-element-83a0f8a pxl-column-none pxl-column-overflow-hidden-no\" data-id=\"83a0f8a\" data-element_type=\"column\">\r\n        <div class=\"elementor-widget-wrap elementor-element-populated\">\r\n                     \r\n        \t\t<div class=\"elementor-element elementor-element-1b21f2c elementor-widget elementor-widget-pxl_heading\" data-id=\"1b21f2c\" data-element_type=\"widget\" data-widget_type=\"pxl_heading.default\">\n\t\t\t\t<div class=\"elementor-widget-container\">\n\t\t\t\t\t\n<div id=\"pxl-pxl_heading-1b21f2c-1822\" class=\"pxl-heading px-sub-title-default-style\">\n\t<div class=\"pxl-heading--inner\">\n\t\t\t\t\t<div class=\"pxl-item--subtitle px-sub-title-default\" data-wow-delay=\"ms\">\n\t\t\t\t<span class=\"pxl-item--subtext\">\n\t\t\t\t\t\t\t\t\t\tATABEY TEKN\u0130K YAPI\t\t\t\t<\/span>\n\t\t\t<\/div>\n\t\t\n\t\t\t<h3 class=\"pxl-item--title style-default highlight-default\" data-wow-delay=\"ms\">\n\t\t\t\t\t\t\tEKOTEKS TEKST\u0130L FABR\u0130KA\t\n\t\t\t\t\n\t\t<\/h3>\n\t<\/div>\n<\/div> \t\t\t\t<\/div>\n\t\t\t\t<\/div>\n\t\t            <\/div>\r\n        <\/div>\r\n        \t\t\t<\/div>\n\t\t<\/section>\n\t\t        <section class=\"elementor-section elementor-top-section elementor-element elementor-element-aad0c5b elementor-section-stretched elementor-section-boxed elementor-section-height-default elementor-section-height-default pxl-row-scroll-none pxl-zoom-point-false pxl-section-overflow-visible pxl-section-fix-none pxl-bg-color-none pxl-section-overlay-none\" data-id=\"aad0c5b\" data-element_type=\"section\" data-settings=\"{&quot;stretch_section&quot;:&quot;section-stretched&quot;}\">\n\n                \n                <div class=\"elementor-container elementor-column-gap-extended\">\n                <div class=\"elementor-column elementor-col-25 elementor-top-column elementor-element elementor-element-f299ee6 pxl-column-none pxl-column-overflow-hidden-no\" data-id=\"f299ee6\" data-element_type=\"column\">\r\n        <div class=\"elementor-widget-wrap elementor-element-populated\">\r\n                     \r\n        \t\t<div class=\"elementor-element elementor-element-00fd8cb elementor-widget-divider--view-line elementor-widget elementor-widget-divider\" data-id=\"00fd8cb\" data-element_type=\"widget\" data-widget_type=\"divider.default\">\n\t\t\t\t<div class=\"elementor-widget-container\">\n\t\t\t\t\t\t\t<div class=\"elementor-divider\">\n\t\t\t<span class=\"elementor-divider-separator\">\n\t\t\t\t\t\t<\/span>\n\t\t<\/div>\n\t\t\t\t\t\t<\/div>\n\t\t\t\t<\/div>\n\t\t\t\t<div class=\"elementor-element elementor-element-b4e04e8 elementor-widget elementor-widget-pxl_text_editor\" data-id=\"b4e04e8\" data-element_type=\"widget\" data-widget_type=\"pxl_text_editor.default\">\n\t\t\t\t<div class=\"elementor-widget-container\">\n\t\t\t\t\t<div class=\"pxl-text-editor\">\n\t<div class=\"pxl-item--inner\" data-wow-delay=\"ms\">\n\t\t<p>Costumer<\/p>\t\t\n\t<\/div>\n<\/div>\t\t\t\t<\/div>\n\t\t\t\t<\/div>\n\t\t\t\t<div class=\"elementor-element elementor-element-a9d5c83 elementor-widget elementor-widget-pxl_heading\" data-id=\"a9d5c83\" data-element_type=\"widget\" data-widget_type=\"pxl_heading.default\">\n\t\t\t\t<div class=\"elementor-widget-container\">\n\t\t\t\t\t\n<div id=\"pxl-pxl_heading-a9d5c83-4763\" class=\"pxl-heading px-sub-title-default-style\">\n\t<div class=\"pxl-heading--inner\">\n\t\t\n\t\t\t<h3 class=\"pxl-item--title style-default highlight-default\" data-wow-delay=\"ms\">\n\t\t\t\t\t\t\tEkoteks\t\n\t\t\t\t\n\t\t<\/h3>\n\t<\/div>\n<\/div> \t\t\t\t<\/div>\n\t\t\t\t<\/div>\n\t\t            <\/div>\r\n        <\/div>\r\n                <div class=\"elementor-column elementor-col-25 elementor-top-column elementor-element elementor-element-ffcdf5c pxl-column-none pxl-column-overflow-hidden-no\" data-id=\"ffcdf5c\" data-element_type=\"column\">\r\n        <div class=\"elementor-widget-wrap elementor-element-populated\">\r\n                     \r\n        \t\t<div class=\"elementor-element elementor-element-2c6d76f elementor-widget-divider--view-line elementor-widget elementor-widget-divider\" data-id=\"2c6d76f\" data-element_type=\"widget\" data-widget_type=\"divider.default\">\n\t\t\t\t<div class=\"elementor-widget-container\">\n\t\t\t\t\t\t\t<div class=\"elementor-divider\">\n\t\t\t<span class=\"elementor-divider-separator\">\n\t\t\t\t\t\t<\/span>\n\t\t<\/div>\n\t\t\t\t\t\t<\/div>\n\t\t\t\t<\/div>\n\t\t\t\t<div class=\"elementor-element elementor-element-7a03a35 elementor-widget elementor-widget-pxl_text_editor\" data-id=\"7a03a35\" data-element_type=\"widget\" data-widget_type=\"pxl_text_editor.default\">\n\t\t\t\t<div class=\"elementor-widget-container\">\n\t\t\t\t\t<div class=\"pxl-text-editor\">\n\t<div class=\"pxl-item--inner\" data-wow-delay=\"ms\">\n\t\t<p>Area<\/p>\t\t\n\t<\/div>\n<\/div>\t\t\t\t<\/div>\n\t\t\t\t<\/div>\n\t\t\t\t<div class=\"elementor-element elementor-element-2e2cc0f elementor-widget elementor-widget-pxl_heading\" data-id=\"2e2cc0f\" data-element_type=\"widget\" data-widget_type=\"pxl_heading.default\">\n\t\t\t\t<div class=\"elementor-widget-container\">\n\t\t\t\t\t\n<div id=\"pxl-pxl_heading-2e2cc0f-2733\" class=\"pxl-heading px-sub-title-default-style\">\n\t<div class=\"pxl-heading--inner\">\n\t\t\n\t\t\t<h3 class=\"pxl-item--title style-default highlight-default\" data-wow-delay=\"ms\">\n\t\t\t\t\t\t\tAk\u00e7aburgaz\t\n\t\t\t\t\n\t\t<\/h3>\n\t<\/div>\n<\/div> \t\t\t\t<\/div>\n\t\t\t\t<\/div>\n\t\t            <\/div>\r\n        <\/div>\r\n                <div class=\"elementor-column elementor-col-25 elementor-top-column elementor-element elementor-element-9a83099 pxl-column-none pxl-column-overflow-hidden-no\" data-id=\"9a83099\" data-element_type=\"column\">\r\n        <div class=\"elementor-widget-wrap elementor-element-populated\">\r\n                     \r\n        \t\t<div class=\"elementor-element elementor-element-1ba7cb5 elementor-widget-divider--view-line elementor-widget elementor-widget-divider\" data-id=\"1ba7cb5\" data-element_type=\"widget\" data-widget_type=\"divider.default\">\n\t\t\t\t<div class=\"elementor-widget-container\">\n\t\t\t\t\t\t\t<div class=\"elementor-divider\">\n\t\t\t<span class=\"elementor-divider-separator\">\n\t\t\t\t\t\t<\/span>\n\t\t<\/div>\n\t\t\t\t\t\t<\/div>\n\t\t\t\t<\/div>\n\t\t\t\t<div class=\"elementor-element elementor-element-d320b6a elementor-widget elementor-widget-pxl_text_editor\" data-id=\"d320b6a\" data-element_type=\"widget\" data-widget_type=\"pxl_text_editor.default\">\n\t\t\t\t<div class=\"elementor-widget-container\">\n\t\t\t\t\t<div class=\"pxl-text-editor\">\n\t<div class=\"pxl-item--inner\" data-wow-delay=\"ms\">\n\t\t<p>City<\/p>\t\t\n\t<\/div>\n<\/div>\t\t\t\t<\/div>\n\t\t\t\t<\/div>\n\t\t\t\t<div class=\"elementor-element elementor-element-974900b elementor-widget elementor-widget-pxl_heading\" data-id=\"974900b\" data-element_type=\"widget\" data-widget_type=\"pxl_heading.default\">\n\t\t\t\t<div class=\"elementor-widget-container\">\n\t\t\t\t\t\n<div id=\"pxl-pxl_heading-974900b-4826\" class=\"pxl-heading px-sub-title-default-style\">\n\t<div class=\"pxl-heading--inner\">\n\t\t\n\t\t\t<h3 class=\"pxl-item--title style-default highlight-default\" data-wow-delay=\"ms\">\n\t\t\t\t\t\t\t\u0130stanbul\t\n\t\t\t\t\n\t\t<\/h3>\n\t<\/div>\n<\/div> \t\t\t\t<\/div>\n\t\t\t\t<\/div>\n\t\t            <\/div>\r\n        <\/div>\r\n                <div class=\"elementor-column elementor-col-25 elementor-top-column elementor-element elementor-element-fbc1db7 pxl-column-none pxl-column-overflow-hidden-no\" data-id=\"fbc1db7\" data-element_type=\"column\">\r\n        <div class=\"elementor-widget-wrap elementor-element-populated\">\r\n                     \r\n        \t\t<div class=\"elementor-element elementor-element-6c966e0 elementor-widget-divider--view-line elementor-widget elementor-widget-divider\" data-id=\"6c966e0\" data-element_type=\"widget\" data-widget_type=\"divider.default\">\n\t\t\t\t<div class=\"elementor-widget-container\">\n\t\t\t\t\t\t\t<div class=\"elementor-divider\">\n\t\t\t<span class=\"elementor-divider-separator\">\n\t\t\t\t\t\t<\/span>\n\t\t<\/div>\n\t\t\t\t\t\t<\/div>\n\t\t\t\t<\/div>\n\t\t\t\t<div class=\"elementor-element elementor-element-81b6cc2 elementor-widget elementor-widget-pxl_text_editor\" data-id=\"81b6cc2\" data-element_type=\"widget\" data-widget_type=\"pxl_text_editor.default\">\n\t\t\t\t<div class=\"elementor-widget-container\">\n\t\t\t\t\t<div class=\"pxl-text-editor\">\n\t<div class=\"pxl-item--inner\" data-wow-delay=\"ms\">\n\t\t<p>Situation<\/p>\t\t\n\t<\/div>\n<\/div>\t\t\t\t<\/div>\n\t\t\t\t<\/div>\n\t\t\t\t<div class=\"elementor-element elementor-element-72125b3 elementor-widget elementor-widget-pxl_heading\" data-id=\"72125b3\" data-element_type=\"widget\" data-widget_type=\"pxl_heading.default\">\n\t\t\t\t<div class=\"elementor-widget-container\">\n\t\t\t\t\t\n<div id=\"pxl-pxl_heading-72125b3-7327\" class=\"pxl-heading px-sub-title-default-style\">\n\t<div class=\"pxl-heading--inner\">\n\t\t\n\t\t\t<h3 class=\"pxl-item--title style-default highlight-default\" data-wow-delay=\"ms\">\n\t\t\t\t\t\t\tCompleted\t\n\t\t\t\t\n\t\t<\/h3>\n\t<\/div>\n<\/div> \t\t\t\t<\/div>\n\t\t\t\t<\/div>\n\t\t            <\/div>\r\n        <\/div>\r\n        \t\t\t<\/div>\n\t\t<\/section>\n\t\t        <section class=\"elementor-section elementor-top-section elementor-element elementor-element-e422796 elementor-section-stretched elementor-section-boxed elementor-section-height-default elementor-section-height-default pxl-row-scroll-none pxl-zoom-point-false pxl-section-overflow-visible pxl-section-fix-none pxl-bg-color-none pxl-section-overlay-none\" data-id=\"e422796\" data-element_type=\"section\" data-settings=\"{&quot;stretch_section&quot;:&quot;section-stretched&quot;}\">\n\n                \n                <div class=\"elementor-container elementor-column-gap-extended\">\n                <div class=\"elementor-column elementor-col-100 elementor-top-column elementor-element elementor-element-4f06771 pxl-column-none pxl-column-overflow-hidden-no\" data-id=\"4f06771\" data-element_type=\"column\">\r\n        <div class=\"elementor-widget-wrap elementor-element-populated\">\r\n                     \r\n        \t\t<div class=\"elementor-element elementor-element-db334ce elementor-widget elementor-widget-pxl_image_carousel\" data-id=\"db334ce\" data-element_type=\"widget\" data-widget_type=\"pxl_image_carousel.default\">\n\t\t\t\t<div class=\"elementor-widget-container\">\n\t\t\t\t\t    <div id=\"pxl-gallery-69d8b8692c594\" class=\"pxl-swiper-slider pxl-image-carousel pxl-image-carousel1 default\" >\n        <div class=\"pxl-carousel-inner\">\n\n            <div class=\"pxl-swiper-container\" dir=\"ltr\" data-settings=\"{&quot;slide_direction&quot;:&quot;horizontal&quot;,&quot;slide_percolumn&quot;:1,&quot;slide_mode&quot;:&quot;slide&quot;,&quot;slides_to_show&quot;:1,&quot;slides_to_show_xxl&quot;:1,&quot;slides_to_show_lg&quot;:1,&quot;slides_to_show_md&quot;:1,&quot;slides_to_show_sm&quot;:1,&quot;slides_to_show_xs&quot;:1,&quot;slides_to_scroll&quot;:1,&quot;arrow&quot;:false,&quot;pagination&quot;:true,&quot;pagination_type&quot;:&quot;bullets&quot;,&quot;autoplay&quot;:true,&quot;pause_on_hover&quot;:false,&quot;pause_on_interaction&quot;:true,&quot;delay&quot;:1000,&quot;loop&quot;:true,&quot;speed&quot;:500}\">\n                <div class=\"pxl-swiper-wrapper\">\n                                            <div class=\"pxl-swiper-slide\">\n                            <div class=\"pxl-item--inner\" data-wow-delay=\"ms\">\n                                                                                                            <div class=\"pxl-item--image\">\n                                            <img fetchpriority=\"high\" decoding=\"async\" width=\"1170\" height=\"485\" src=\"https:\/\/atabeyteknikyapi.com\/wp-content\/uploads\/2024\/12\/ekoteks-1.png\" class=\"no-lazyload attachment-full\" alt=\"\" \/>                                                                                    <\/div>\n                                                                                                            \n                                                            <\/div>\n                        <\/div>\n                                            <div class=\"pxl-swiper-slide\">\n                            <div class=\"pxl-item--inner\" data-wow-delay=\"ms\">\n                                                                                                            <div class=\"pxl-item--image\">\n                                            <img decoding=\"async\" width=\"1170\" height=\"485\" src=\"https:\/\/atabeyteknikyapi.com\/wp-content\/uploads\/2024\/12\/ekoteks-2.png\" class=\"no-lazyload attachment-full\" alt=\"\" \/>                                                                                    <\/div>\n                                                                                                            \n                                                            <\/div>\n                        <\/div>\n                                            <div class=\"pxl-swiper-slide\">\n                            <div class=\"pxl-item--inner\" data-wow-delay=\"ms\">\n                                                                                                            <div class=\"pxl-item--image\">\n                                            <img decoding=\"async\" width=\"1170\" height=\"485\" src=\"https:\/\/atabeyteknikyapi.com\/wp-content\/uploads\/2024\/12\/ekoteks-3.png\" class=\"no-lazyload attachment-full\" alt=\"\" \/>                                                                                    <\/div>\n                                                                                                            \n                                                            <\/div>\n                        <\/div>\n                                            <div class=\"pxl-swiper-slide\">\n                            <div class=\"pxl-item--inner\" data-wow-delay=\"ms\">\n                                                                                                            <div class=\"pxl-item--image\">\n                                            <img loading=\"lazy\" decoding=\"async\" width=\"1170\" height=\"485\" src=\"https:\/\/atabeyteknikyapi.com\/wp-content\/uploads\/2024\/12\/ekoteks-4.png\" class=\"no-lazyload attachment-full\" alt=\"\" \/>                                                                                    <\/div>\n                                                                                                            \n                                                            <\/div>\n                        <\/div>\n                                    <\/div>\n            <\/div>\n\n        <\/div>\n                    <div class=\"pxl-swiper-bottom pxl-flex-middle\">\n                                    <div class=\"pxl-swiper-dots style-1\"><\/div>\n                                            <\/div>\n                \n    <\/div>\n\t\t\t\t<\/div>\n\t\t\t\t<\/div>\n\t\t\t\t<div class=\"elementor-element elementor-element-82203a2 elementor-widget elementor-widget-pxl_heading\" data-id=\"82203a2\" data-element_type=\"widget\" data-widget_type=\"pxl_heading.default\">\n\t\t\t\t<div class=\"elementor-widget-container\">\n\t\t\t\t\t\n<div id=\"pxl-pxl_heading-82203a2-4565\" class=\"pxl-heading px-sub-title-default-style\">\n\t<div class=\"pxl-heading--inner\">\n\t\t\n\t\t\t<h3 class=\"pxl-item--title style-default highlight-default\" data-wow-delay=\"ms\">\n\t\t\t\t\t\t\tAbout the Project\t\n\t\t\t\t\n\t\t<\/h3>\n\t<\/div>\n<\/div> \t\t\t\t<\/div>\n\t\t\t\t<\/div>\n\t\t\t\t<div class=\"elementor-element elementor-element-1f14188 elementor-widget elementor-widget-pxl_text_editor\" data-id=\"1f14188\" data-element_type=\"widget\" data-widget_type=\"pxl_text_editor.default\">\n\t\t\t\t<div class=\"elementor-widget-container\">\n\t\t\t\t\t<div class=\"pxl-text-editor\">\n\t<div class=\"pxl-item--inner\" data-wow-delay=\"ms\">\n\t\t<p class=\"translation-block\">As Atabey Teknik Yap\u0131, we have successfully completed the Ekoteks Textile Factory project, once again proving our expertise and experience in the industry. In this project, we applied modern engineering approaches and high-quality standards to build a facility that adds value to the textile sector.<\/p>\t\t\n\t<\/div>\n<\/div>\t\t\t\t<\/div>\n\t\t\t\t<\/div>\n\t\t        <section class=\"elementor-section elementor-inner-section elementor-element elementor-element-3af9294 elementor-section-boxed elementor-section-height-default elementor-section-height-default pxl-row-scroll-none pxl-zoom-point-false pxl-section-overflow-visible pxl-section-fix-none pxl-bg-color-none pxl-section-overlay-none\" data-id=\"3af9294\" data-element_type=\"section\">\n\n                \n                <div class=\"elementor-container elementor-column-gap-no\">\n                <div class=\"elementor-column elementor-col-50 elementor-inner-column elementor-element elementor-element-96030f6 pxl-column-none pxl-column-overflow-hidden-no\" data-id=\"96030f6\" data-element_type=\"column\">\r\n        <div class=\"elementor-widget-wrap elementor-element-populated\">\r\n                     \r\n        \t\t<div class=\"elementor-element elementor-element-ea28a48 elementor-widget elementor-widget-pxl_heading\" data-id=\"ea28a48\" data-element_type=\"widget\" data-widget_type=\"pxl_heading.default\">\n\t\t\t\t<div class=\"elementor-widget-container\">\n\t\t\t\t\t\n<div id=\"pxl-pxl_heading-ea28a48-3009\" class=\"pxl-heading px-sub-title-default-style\">\n\t<div class=\"pxl-heading--inner\">\n\t\t\n\t\t\t<h3 class=\"pxl-item--title style-default highlight-default\" data-wow-delay=\"ms\">\n\t\t\t\t\t\t\tProject Details:<br> <br> \t\n\t\t\t\t\n\t\t<\/h3>\n\t<\/div>\n<\/div> \t\t\t\t<\/div>\n\t\t\t\t<\/div>\n\t\t\t\t<div class=\"elementor-element elementor-element-21d408b elementor-widget elementor-widget-pxl_list\" data-id=\"21d408b\" data-element_type=\"widget\" data-widget_type=\"pxl_list.default\">\n\t\t\t\t<div class=\"elementor-widget-container\">\n\t\t\t\t\t    <div class=\"pxl-list pxl-list1  style-2\" data-wow-delay=\"ms\">\r\n                    <div class=\"pxl--item\">\r\n                                    <div class=\"pxl-item--icon\">\r\n                        <i aria-hidden=\"true\" class=\"fas fa-check-circle\"><\/i>                    <\/div>\r\n                                                    <div class=\"pxl-item-content\">\r\n                        <label class=\"pxl-empty\">220 Tons of Steel Manufacturing and Installation:<\/label>\r\n                        <br>For the factory to have a strong and durable infrastructure, 220 tons of steel structural components were meticulously manufactured and installed.                    <\/div>\r\n                            <\/div>\r\n                    <div class=\"pxl--item\">\r\n                                    <div class=\"pxl-item--icon\">\r\n                        <i aria-hidden=\"true\" class=\"fas fa-check-circle\"><\/i>                    <\/div>\r\n                                                    <div class=\"pxl-item-content\">\r\n                        <label class=\"pxl-empty\">Industrial Solutions:<\/label>\r\n                        <br>In the structure designed to meet the needs of the textile industry, both aesthetic and functional solutions have been implemented.                    <\/div>\r\n                            <\/div>\r\n                    <div class=\"pxl--item\">\r\n                                    <div class=\"pxl-item--icon\">\r\n                        <i aria-hidden=\"true\" class=\"fas fa-check-circle\"><\/i>                    <\/div>\r\n                                                    <div class=\"pxl-item-content\">\r\n                        <label class=\"pxl-empty\">On-Time Delivery:<\/label>\r\n                        <br>On-Time Delivery:<br>\nEvery stage of the project was completed with detailed planning and a disciplined workflow, ensuring timely and flawless delivery.                    <\/div>\r\n                            <\/div>\r\n            <\/div>\r\n\t\t\t\t<\/div>\n\t\t\t\t<\/div>\n\t\t            <\/div>\r\n        <\/div>\r\n                <div class=\"elementor-column elementor-col-50 elementor-inner-column elementor-element elementor-element-0a7b09e pxl-column-none pxl-column-overflow-hidden-no\" data-id=\"0a7b09e\" data-element_type=\"column\">\r\n        <div class=\"elementor-widget-wrap elementor-element-populated\">\r\n                     \r\n        \t\t<div class=\"elementor-element elementor-element-49951ec elementor-widget elementor-widget-pxl_video_player\" data-id=\"49951ec\" data-element_type=\"widget\" data-widget_type=\"pxl_video_player.default\">\n\t\t\t\t<div class=\"elementor-widget-container\">\n\t\t\t\t\t<div class=\"pxl-video-player pxl-video-player1 pxl-video-style1 box-normal\" data-wow-delay=\"ms\">\r\n    <div class=\"pxl-video--inner\">\r\n                    <div class=\"pxl-video--holder\">\r\n                                    <div class=\"pxl-video--imagebg\">\r\n                        <div class=\"bg-image\" data-parallax='{\"y\":-60}' style=\"background-image: url(https:\/\/atabeyteknikyapi.com\/wp-content\/uploads\/2023\/12\/pro-single4.webp);\"><\/div>\r\n                    <\/div>\r\n                            <\/div>\r\n                            <div class=\"btn-video-wrap p-center\">\r\n                <a class=\"pxl-btn-video pxl-action-popup style1\" href=\"https:\/\/www.youtube.com\/watch?v=JnjrgLJE7hY\">\r\n                                            <i class=\"caseicon-play1\"><\/i>\r\n                                    <\/a>\r\n            <\/div>\r\n            <\/div>\r\n<\/div>\t\t\t\t<\/div>\n\t\t\t\t<\/div>\n\t\t            <\/div>\r\n        <\/div>\r\n        \t\t\t<\/div>\n\t\t<\/section>\n\t\t\t\t<div class=\"elementor-element elementor-element-6c3c145 elementor-widget elementor-widget-pxl_text_editor\" data-id=\"6c3c145\" data-element_type=\"widget\" data-widget_type=\"pxl_text_editor.default\">\n\t\t\t\t<div class=\"elementor-widget-container\">\n\t\t\t\t\t<div class=\"pxl-text-editor\">\n\t<div class=\"pxl-item--inner\" data-wow-delay=\"ms\">\n\t\t<div class=\"flex max-w-full flex-col flex-grow\"><div class=\"min-h-8 text-message flex w-full flex-col items-end gap-2 whitespace-normal break-words text-start [.text-message+&amp;]:mt-5\" dir=\"auto\" data-message-author-role=\"assistant\" data-message-id=\"2273c8e3-7e86-46dc-a45c-3d8df2bf55dd\" data-message-model-slug=\"gpt-4o\"><div class=\"flex w-full flex-col gap-1 empty:hidden first:pt-[3px]\"><div class=\"markdown prose w-full break-words dark:prose-invert dark\"><div class=\"flex max-w-full flex-col flex-grow\"><div class=\"min-h-8 text-message flex w-full flex-col items-end gap-2 whitespace-normal break-words text-start [.text-message+&amp;]:mt-5\" dir=\"auto\" data-message-author-role=\"assistant\" data-message-id=\"f53f5541-0c38-45bf-b3ef-373a3f4b5f09\" data-message-model-slug=\"gpt-4o\"><div class=\"flex w-full flex-col gap-1 empty:hidden first:pt-[3px]\"><div class=\"markdown prose w-full break-words dark:prose-invert dark\"><div class=\"flex max-w-full flex-col flex-grow\"><div class=\"min-h-8 text-message flex w-full flex-col items-end gap-2 whitespace-normal break-words text-start [.text-message+&amp;]:mt-5\" dir=\"auto\" data-message-author-role=\"assistant\" data-message-id=\"6a23c9d2-ae2d-4950-8214-655d932adf47\" data-message-model-slug=\"gpt-4o\"><div class=\"flex w-full flex-col gap-1 empty:hidden first:pt-[3px]\"><div class=\"markdown prose w-full break-words dark:prose-invert dark\"><p class=\"translation-block\"><strong>Ekoteks Textile Factory<\/strong> has secured its place among modern production facilities, adding another quality project to the portfolio of Atabey Teknik Yap\u0131. This achievement reflects our commitment to our work and the importance we place on customer satisfaction.<\/p><\/div><\/div><\/div><\/div><\/div><\/div><\/div><\/div><\/div><\/div><\/div><\/div>\t\t\n\t<\/div>\n<\/div>\t\t\t\t<\/div>\n\t\t\t\t<\/div>\n\t\t            <\/div>\r\n        <\/div>\r\n        \t\t\t<\/div>\n\t\t<\/section>\n\t\t\t\t<\/div>","protected":false},"excerpt":{"rendered":"<p>ATABEY TEKN\u0130K YAPI EKOTEKS TEKST\u0130L FABR\u0130KA M\u00fc\u015fteri Ekoteks B\u00f6lge Ak\u00e7aburgaz \u015eehir \u0130stanbul Durum Tamamland\u0131 Proje Hakk\u0131nda Atabey Teknik Yap\u0131 olarak, sekt\u00f6rdeki uzmanl\u0131\u011f\u0131m\u0131z\u0131 ve tecr\u00fcbemizi bir kez daha kan\u0131tlad\u0131\u011f\u0131m\u0131z Ekoteks Tekstil Fabrikas\u0131 projesini ba\u015far\u0131yla tamamlad\u0131k. Bu projede, modern m\u00fchendislik yakla\u015f\u0131mlar\u0131n\u0131 ve y\u00fcksek kalite standartlar\u0131n\u0131 uygulayarak, tekstil sekt\u00f6r\u00fcne de\u011fer katan bir tesis in\u015fa ettik. Proje Detaylar\u0131: 220 [&hellip;]<\/p>","protected":false},"author":1,"featured_media":0,"parent":0,"menu_order":0,"comment_status":"closed","ping_status":"closed","template":"","meta":{"footnotes":""},"class_list":["post-17456","page","type-page","status-publish","hentry"],"_links":{"self":[{"href":"https:\/\/atabeyteknikyapi.com\/en\/wp-json\/wp\/v2\/pages\/17456","targetHints":{"allow":["GET"]}}],"collection":[{"href":"https:\/\/atabeyteknikyapi.com\/en\/wp-json\/wp\/v2\/pages"}],"about":[{"href":"https:\/\/atabeyteknikyapi.com\/en\/wp-json\/wp\/v2\/types\/page"}],"author":[{"embeddable":true,"href":"https:\/\/atabeyteknikyapi.com\/en\/wp-json\/wp\/v2\/users\/1"}],"replies":[{"embeddable":true,"href":"https:\/\/atabeyteknikyapi.com\/en\/wp-json\/wp\/v2\/comments?post=17456"}],"version-history":[{"count":0,"href":"https:\/\/atabeyteknikyapi.com\/en\/wp-json\/wp\/v2\/pages\/17456\/revisions"}],"wp:attachment":[{"href":"https:\/\/atabeyteknikyapi.com\/en\/wp-json\/wp\/v2\/media?parent=17456"}],"curies":[{"name":"wp","href":"https:\/\/api.w.org\/{rel}","templated":true}]}}